{"id":1,"date":"2026-03-21T09:49:20","date_gmt":"2026-03-21T14:49:20","guid":{"rendered":"https:\/\/havoc-lab.com\/\/?page_id=1"},"modified":"2026-05-01T00:29:12","modified_gmt":"2026-05-01T05:29:12","slug":"inicio","status":"publish","type":"page","link":"https:\/\/havoc-lab.com\/en\/","title":{"rendered":"Home"},"content":{"rendered":"","protected":false},"excerpt":{"rendered":"","protected":false},"author":1,"featured_media":0,"parent":0,"menu_order":0,"comment_status":"closed","ping_status":"closed","template":"","meta":{"footnotes":""},"class_list":["post-1","page","type-page","status-publish","hentry"],"yoast_head":"<!-- This site is optimized with the Yoast SEO plugin v27.5 - https:\/\/yoast.com\/product\/yoast-seo-wordpress\/ -->\n<title>Inicio - Havoc Lab<\/title>\n<meta name=\"description\" content=\"Laboratorio acreditado ISO 17025 especializado en suelos, aguas, aire y alimentos. Resultados precisos y soluciones t\u00e9cnicas.\" \/>\n<meta name=\"robots\" content=\"index, follow, max-snippet:-1, max-image-preview:large, max-video-preview:-1\" \/>\n<link rel=\"canonical\" href=\"https:\/\/havoc-lab.com\/en\/\" \/>\n<meta property=\"og:locale\" content=\"en_US\" \/>\n<meta property=\"og:type\" content=\"article\" \/>\n<meta property=\"og:title\" content=\"Inicio - Havoc Lab\" \/>\n<meta property=\"og:description\" content=\"Laboratorio acreditado ISO 17025 especializado en suelos, aguas, aire y alimentos. Resultados precisos y soluciones t\u00e9cnicas.\" \/>\n<meta property=\"og:url\" content=\"https:\/\/havoc-lab.com\/en\/\" \/>\n<meta property=\"og:site_name\" content=\"Havoc Lab\" \/>\n<meta property=\"article:modified_time\" content=\"2026-05-01T05:29:12+00:00\" \/>\n<meta property=\"og:image\" content=\"https:\/\/havoc-lab.com\/wp-content\/uploads\/2026\/03\/havoclogo.png\" \/>\n\t<meta property=\"og:image:width\" content=\"754\" \/>\n\t<meta property=\"og:image:height\" content=\"329\" \/>\n\t<meta property=\"og:image:type\" content=\"image\/png\" \/>\n<meta name=\"twitter:card\" content=\"summary_large_image\" \/>\n<script type=\"application\/ld+json\" class=\"yoast-schema-graph\">{\"@context\":\"https:\\\/\\\/schema.org\",\"@graph\":[{\"@type\":\"WebPage\",\"@id\":\"https:\\\/\\\/havoc-lab.com\\\/\",\"url\":\"https:\\\/\\\/havoc-lab.com\\\/\",\"name\":\"Inicio - Havoc Lab\",\"isPartOf\":{\"@id\":\"https:\\\/\\\/havoc-lab.com\\\/#website\"},\"datePublished\":\"2026-03-21T14:49:20+00:00\",\"dateModified\":\"2026-05-01T05:29:12+00:00\",\"description\":\"Laboratorio acreditado ISO 17025 especializado en suelos, aguas, aire y alimentos. Resultados precisos y soluciones t\u00e9cnicas.\",\"breadcrumb\":{\"@id\":\"https:\\\/\\\/havoc-lab.com\\\/#breadcrumb\"},\"inLanguage\":\"en-US\",\"potentialAction\":[{\"@type\":\"ReadAction\",\"target\":[\"https:\\\/\\\/havoc-lab.com\\\/\"]}]},{\"@type\":\"BreadcrumbList\",\"@id\":\"https:\\\/\\\/havoc-lab.com\\\/#breadcrumb\",\"itemListElement\":[{\"@type\":\"ListItem\",\"position\":1,\"name\":\"Portada\",\"item\":\"https:\\\/\\\/havoc-lab.com\\\/\"},{\"@type\":\"ListItem\",\"position\":2,\"name\":\"Inicio\"}]},{\"@type\":\"WebSite\",\"@id\":\"https:\\\/\\\/havoc-lab.com\\\/#website\",\"url\":\"https:\\\/\\\/havoc-lab.com\\\/\",\"name\":\"Havoc Laboratorios\",\"description\":\"Ciencia y Tecnolog\u00eda para la Calidad: An\u00e1lisis de Agua, Suelos, Alimentos y Productos Farmac\u00e9uticos.\",\"alternateName\":\"Laboratorios Havoc\",\"potentialAction\":[{\"@type\":\"SearchAction\",\"target\":{\"@type\":\"EntryPoint\",\"urlTemplate\":\"https:\\\/\\\/havoc-lab.com\\\/?s={search_term_string}\"},\"query-input\":{\"@type\":\"PropertyValueSpecification\",\"valueRequired\":true,\"valueName\":\"search_term_string\"}}],\"inLanguage\":\"en-US\"}]}<\/script>\n<!-- \/ Yoast SEO plugin. -->","yoast_head_json":{"title":"Inicio - Havoc Lab","description":"Laboratorio acreditado ISO 17025 especializado en suelos, aguas, aire y alimentos. Resultados precisos y soluciones t\u00e9cnicas.","robots":{"index":"index","follow":"follow","max-snippet":"max-snippet:-1","max-image-preview":"max-image-preview:large","max-video-preview":"max-video-preview:-1"},"canonical":"https:\/\/havoc-lab.com\/en\/","og_locale":"en_US","og_type":"article","og_title":"Inicio - Havoc Lab","og_description":"Laboratorio acreditado ISO 17025 especializado en suelos, aguas, aire y alimentos. Resultados precisos y soluciones t\u00e9cnicas.","og_url":"https:\/\/havoc-lab.com\/en\/","og_site_name":"Havoc Lab","article_modified_time":"2026-05-01T05:29:12+00:00","og_image":[{"width":754,"height":329,"url":"https:\/\/havoc-lab.com\/wp-content\/uploads\/2026\/03\/havoclogo.png","type":"image\/png"}],"twitter_card":"summary_large_image","schema":{"@context":"https:\/\/schema.org","@graph":[{"@type":"WebPage","@id":"https:\/\/havoc-lab.com\/","url":"https:\/\/havoc-lab.com\/","name":"Inicio - Havoc Lab","isPartOf":{"@id":"https:\/\/havoc-lab.com\/#website"},"datePublished":"2026-03-21T14:49:20+00:00","dateModified":"2026-05-01T05:29:12+00:00","description":"Laboratorio acreditado ISO 17025 especializado en suelos, aguas, aire y alimentos. Resultados precisos y soluciones t\u00e9cnicas.","breadcrumb":{"@id":"https:\/\/havoc-lab.com\/#breadcrumb"},"inLanguage":"en-US","potentialAction":[{"@type":"ReadAction","target":["https:\/\/havoc-lab.com\/"]}]},{"@type":"BreadcrumbList","@id":"https:\/\/havoc-lab.com\/#breadcrumb","itemListElement":[{"@type":"ListItem","position":1,"name":"Portada","item":"https:\/\/havoc-lab.com\/"},{"@type":"ListItem","position":2,"name":"Inicio"}]},{"@type":"WebSite","@id":"https:\/\/havoc-lab.com\/#website","url":"https:\/\/havoc-lab.com\/","name":"Havoc Laboratorios","description":"Ciencia y Tecnolog\u00eda para la Calidad: An\u00e1lisis de Agua, Suelos, Alimentos y Productos Farmac\u00e9uticos.","alternateName":"Laboratorios Havoc","potentialAction":[{"@type":"SearchAction","target":{"@type":"EntryPoint","urlTemplate":"https:\/\/havoc-lab.com\/?s={search_term_string}"},"query-input":{"@type":"PropertyValueSpecification","valueRequired":true,"valueName":"search_term_string"}}],"inLanguage":"en-US"}]}},"_links":{"self":[{"href":"https:\/\/havoc-lab.com\/en\/wp-json\/wp\/v2\/pages\/1","targetHints":{"allow":["GET"]}}],"collection":[{"href":"https:\/\/havoc-lab.com\/en\/wp-json\/wp\/v2\/pages"}],"about":[{"href":"https:\/\/havoc-lab.com\/en\/wp-json\/wp\/v2\/types\/page"}],"author":[{"embeddable":true,"href":"https:\/\/havoc-lab.com\/en\/wp-json\/wp\/v2\/users\/1"}],"replies":[{"embeddable":true,"href":"https:\/\/havoc-lab.com\/en\/wp-json\/wp\/v2\/comments?post=1"}],"version-history":[{"count":0,"href":"https:\/\/havoc-lab.com\/en\/wp-json\/wp\/v2\/pages\/1\/revisions"}],"wp:attachment":[{"href":"https:\/\/havoc-lab.com\/en\/wp-json\/wp\/v2\/media?parent=1"}],"curies":[{"name":"wp","href":"https:\/\/api.w.org\/{rel}","templated":true}]}}